{"id":2,"date":"2024-11-05T15:57:06","date_gmt":"2024-11-05T15:57:06","guid":{"rendered":"https:\/\/leonrutadelvino.com\/?page_id=2"},"modified":"2025-02-23T13:04:40","modified_gmt":"2025-02-23T13:04:40","slug":"sample-page","status":"publish","type":"page","link":"https:\/\/leonrutadelvino.com\/?page_id=2","title":{"rendered":"Eno &#8211; Turismo"},"content":{"rendered":"\n<p>Vino y Turismo . . . algo que aprecia un viajero que quiere vivir experiencias, y un lugar que te sorprender\u00e1 por el universo de posibilidades que nos brinda es<strong> Le\u00f3n<\/strong> <strong>Enoturismo<\/strong>. Una potente escapada ya sea de vacaciones o de fin de semana que te permitir\u00e1 conocer la arraigada tradici\u00f3n vitivin\u00edcola de esta tierra y los grandes atractivos que rodean su cultura, gastronom\u00eda, naturaleza e historia.<\/p>\n\n\n\n<p> Un para\u00edso para los amantes del vino, la naturaleza y del turismo rural en preciosos rincones.<\/p>\n\n\n\n<blockquote class=\"wp-block-quote is-layout-flow wp-block-quote-is-layout-flow\">\n<p>Turismo Enol\u00f3gico lleno de Historia.<\/p>\n<\/blockquote>\n\n\n\n<p><\/p>\n\n\n\n<blockquote class=\"wp-block-quote is-layout-flow wp-block-quote-is-layout-flow\">\n<p>Cada Bodega, Vi\u00f1a o lugar tiene un \u00abcuento\u00bb que contarnos.<\/p>\n<\/blockquote>\n\n\n\n<blockquote class=\"wp-block-quote is-layout-flow wp-block-quote-is-layout-flow\">\n<p>Puedes disfrutar de alojamientos rurales o de   hoteles en la capital (del Reino de Le\u00f3n) y Cuna del Parlamentarismo.<\/p>\n<\/blockquote>\n\n\n\n<p>Disfruta de su Belleza arquitect\u00f3nica, Camino de Santiago, Ruta de la Plata, reservas de la biosfera o productos con IGP&#8230;<\/p>\n\n\n\n<p><strong>Prieto Picudo,<\/strong>\u00a0<strong>Albar\u00edn<\/strong>,\u00a0<strong>Menc\u00eda<\/strong>,\u00a0<strong>Verdejo<\/strong>\u00a0y\u00a0<strong>Godello<\/strong>, que se complementan con las tambi\u00e9n autorizadas Tempranillo, Garnacha Tinta, Malvas\u00eda y Palomino.<\/p>\n\n\n\n\n\n<p><\/p>\n","protected":false},"excerpt":{"rendered":"<p>Vino y Turismo . . . algo que aprecia un viajero que quiere vivir experiencias, y un lugar que te sorprender\u00e1 por el universo de posibilidades que nos brinda es Le\u00f3n Enoturismo. Una potente escapada ya sea de vacaciones o de fin de semana que te permitir\u00e1 conocer la arraigada tradici\u00f3n vitivin\u00edcola de esta tierra [&hellip;]<\/p>\n","protected":false},"author":1,"featured_media":0,"parent":0,"menu_order":0,"comment_status":"closed","ping_status":"open","template":"","meta":{"footnotes":""},"class_list":["post-2","page","type-page","status-publish","hentry"],"_links":{"self":[{"href":"https:\/\/leonrutadelvino.com\/index.php?rest_route=\/wp\/v2\/pages\/2","targetHints":{"allow":["GET"]}}],"collection":[{"href":"https:\/\/leonrutadelvino.com\/index.php?rest_route=\/wp\/v2\/pages"}],"about":[{"href":"https:\/\/leonrutadelvino.com\/index.php?rest_route=\/wp\/v2\/types\/page"}],"author":[{"embeddable":true,"href":"https:\/\/leonrutadelvino.com\/index.php?rest_route=\/wp\/v2\/users\/1"}],"replies":[{"embeddable":true,"href":"https:\/\/leonrutadelvino.com\/index.php?rest_route=%2Fwp%2Fv2%2Fcomments&post=2"}],"version-history":[{"count":3,"href":"https:\/\/leonrutadelvino.com\/index.php?rest_route=\/wp\/v2\/pages\/2\/revisions"}],"predecessor-version":[{"id":54,"href":"https:\/\/leonrutadelvino.com\/index.php?rest_route=\/wp\/v2\/pages\/2\/revisions\/54"}],"wp:attachment":[{"href":"https:\/\/leonrutadelvino.com\/index.php?rest_route=%2Fwp%2Fv2%2Fmedia&parent=2"}],"curies":[{"name":"wp","href":"https:\/\/api.w.org\/{rel}","templated":true}]}}