{"id":3,"date":"2024-11-05T15:57:06","date_gmt":"2024-11-05T15:57:06","guid":{"rendered":"https:\/\/leonrutadelvino.com\/?page_id=3"},"modified":"2025-02-23T16:54:35","modified_gmt":"2025-02-23T16:54:35","slug":"privacy-policy","status":"publish","type":"page","link":"https:\/\/leonrutadelvino.com\/?page_id=3","title":{"rendered":"Pol\u00edtica de Privacidad"},"content":{"rendered":"\n<h3 class=\"wp-block-heading\">Qui\u00e9nes somos<\/h3>\n\n\n\n<p>La direcci\u00f3n de nuestra web es: https:\/\/leonrutadelvino.com.<\/p>\n\n\n\n<p>Comentarios<\/p>\n\n\n\n<p>Cuando los visitantes dejan comentarios en la web, recopilamos los datos que se muestran en el formulario de comentarios, as\u00ed como la direcci\u00f3n IP del visitante y la cadena de agente de usuario del navegador para ayudar a la detecci\u00f3n de spam.<\/p>\n\n\n\n<p>Se puede proporcionar una cadena an\u00f3nima creada a partir de tu direcci\u00f3n de correo electr\u00f3nico (tambi\u00e9n llamada hash) al servicio Gravatar para ver si la est\u00e1s usando. La pol\u00edtica de privacidad del servicio Gravatar est\u00e1 disponible aqu\u00ed: https:\/\/automattic.com\/privacy\/. Despu\u00e9s de la aprobaci\u00f3n de tu comentario, tu foto de perfil es visible para el p\u00fablico en el contexto de tu comentario.<\/p>\n\n\n\n<p>Medios<\/p>\n\n\n\n<p> Si subes im\u00e1genes a la web, debes evitar subir im\u00e1genes con datos de ubicaci\u00f3n incrustados (GPS EXIF) incluidos. Los visitantes de la web pueden descargar y extraer cualquier dato de ubicaci\u00f3n de las im\u00e1genes de la web.<\/p>\n\n\n\n<p>Cookies<\/p>\n\n\n\n<p>Si deja un comentario en nuestro sitio, puede optar por guardar su nombre, direcci\u00f3n de correo electr\u00f3nico y sitio web en cookies. Esto es para su conveniencia, para que no tenga que volver a completar sus datos cuando deje otro comentario. Estas cookies durar\u00e1n un a\u00f1o.<\/p>\n\n\n\n<p>Si visita nuestra p\u00e1gina de inicio de sesi\u00f3n, instalaremos una cookie temporal para determinar si su navegador acepta cookies. Esta cookie no contiene datos personales y se descarta cuando cierra su navegador.<\/p>\n\n\n\n<p>Cuando inicia sesi\u00f3n, tambi\u00e9n instalaremos varias cookies para guardar su informaci\u00f3n de inicio de sesi\u00f3n y sus opciones de visualizaci\u00f3n de pantalla. Las cookies de inicio de sesi\u00f3n duran dos d\u00edas y las cookies de opciones de pantalla duran un a\u00f1o. Si selecciona \u00abRecordarme\u00bb, su inicio de sesi\u00f3n persistir\u00e1 durante dos semanas. Si cierra la sesi\u00f3n de su cuenta, se eliminar\u00e1n las cookies de inicio de sesi\u00f3n.<\/p>\n\n\n\n<p>Si edita o publica un art\u00edculo, se guardar\u00e1 una cookie adicional en su navegador. Esta cookie no incluye datos personales y simplemente indica el ID de publicaci\u00f3n del art\u00edculo que acaba de editar. Caduca despu\u00e9s de 1 d\u00eda.<\/p>\n\n\n\n<p>Contenido incrustado de otros sitios web<\/p>\n\n\n\n<p>Los art\u00edculos de este sitio pueden incluir contenido incrustado (por ejemplo, videos, im\u00e1genes, art\u00edculos, etc.). El contenido incrustado de otros sitios web se comporta exactamente de la misma manera que si el visitante hubiera visitado el otro sitio web.<\/p>\n\n\n\n<p>Estos sitios web pueden recopilar datos sobre usted, utilizar cookies, incrustar seguimiento adicional de terceros y monitorear su interacci\u00f3n con ese contenido incrustado, incluido el seguimiento de su interacci\u00f3n con el contenido incrustado si tiene una cuenta y ha iniciado sesi\u00f3n en ese sitio web.<\/p>\n\n\n\n<p>Con qui\u00e9n compartimos sus datos<\/p>\n\n\n\n<p> Si solicita un restablecimiento de contrase\u00f1a, su direcci\u00f3n IP se incluir\u00e1 en el correo electr\u00f3nico de restablecimiento.<\/p>\n\n\n\n<p>Durante cu\u00e1nto tiempo conservamos sus datos<\/p>\n\n\n\n<p> Si deja un comentario, el comentario y sus metadatos se conservan indefinidamente. Esto es para que podamos reconocer y aprobar autom\u00e1ticamente cualquier comentario de seguimiento en lugar de mantenerlos en una cola de moderaci\u00f3n.<\/p>\n\n\n\n<p>Para los usuarios que se registran en nuestro sitio web (si corresponde), tambi\u00e9n almacenamos la informaci\u00f3n personal que proporcionan en su perfil de usuario. Todos los usuarios pueden ver, editar o eliminar su informaci\u00f3n personal en cualquier momento (excepto que no pueden cambiar su nombre de usuario). Los administradores del sitio web tambi\u00e9n pueden ver y editar esa informaci\u00f3n.<\/p>\n\n\n\n<p>Qu\u00e9 derechos tienes sobre tus datos<\/p>\n\n\n\n<p> Si tienes una cuenta en este sitio o has dejado comentarios, puedes solicitar recibir un archivo exportado de los datos personales que tenemos sobre ti, incluidos los datos que nos hayas proporcionado. Tambi\u00e9n puedes solicitar que borremos cualquier dato personal que tengamos sobre ti. Esto no incluye ning\u00fan dato que estemos obligados a conservar con fines administrativos, legales o de seguridad.<\/p>\n\n\n\n<p>D\u00f3nde se env\u00edan tus datos<\/p>\n\n\n\n<p>Los comentarios de los visitantes pueden revisarse a trav\u00e9s de un servicio de detecci\u00f3n autom\u00e1tica de spam.<\/p>\n\n\n\n<p>Aviso Legal<\/p>\n\n\n\n<ul class=\"wp-block-list\">\n<li><strong>Finalidad del tratamiento:<\/strong>&nbsp;Navegaci\u00f3n por la web y mejora de la experiencia del usuario.<\/li>\n\n\n\n<li><strong>Legitimaci\u00f3n para el tratamiento de sus datos personales:<\/strong>&nbsp;Consentimiento del interesado, inter\u00e9s leg\u00edtimo del responsable.<\/li>\n\n\n\n<li><strong>Destinatarios:<\/strong>&nbsp;Pueden realizarse comunicaciones a terceros de los datos personales de los usuarios, previa solicitud de su consentimiento expreso para ello, salvo obligaci\u00f3n legal o ejecuciones de contratos.<\/li>\n\n\n\n<li><strong>Derechos:<\/strong>&nbsp;Puede ejercer los derechos de acceso, rectificaci\u00f3n, supresi\u00f3n, limitaci\u00f3n del tratamiento, portabilidad, oposici\u00f3n y a no ser objeto de decisiones automatizadas, incluyendo la elaboraci\u00f3n de perfiles.<\/li>\n\n\n\n<li><strong>Informaci\u00f3n adicional:<\/strong>&nbsp;Informaci\u00f3n adicional Puede consultar informaci\u00f3n adicional y detallada sobre protecci\u00f3n de datos en el presente Aviso Legal , en nuestra&nbsp;<a href=\"https:\/\/somosfiebre.com\/politica-de-privacidad\">Pol\u00edtica de Privacidad<\/a>&nbsp;y en la&nbsp;<a href=\"https:\/\/somosfiebre.com\/politica-de-cookies\">Pol\u00edtica de Cookies<\/a>&nbsp;del presente sitio web.<\/li>\n\n\n\n<li><strong>Legitimaci\u00f3n para el tratamiento de sus datos personales:<\/strong>&nbsp;Consentimiento del interesado, inter\u00e9s leg\u00edtimo del responsable.<\/li>\n<\/ul>\n\n\n\n<p><\/p>\n\n\n\n<p><\/p>\n\n\n\n<h4 class=\"wp-block-heading\">1-\u00bfQu\u00e9 es una cookie?<\/h4>\n\n\n\n<p>Una cookie es un archivo (normalmente, de peque\u00f1o tama\u00f1o) enviado por un sitio web que se descarga y almacena en el navegador del usuario, de manera que el sitio web puede consultar la actividad previa del navegador, as\u00ed, es posible identificar al usuario que visita un sitio web y llevar un registro de su actividad en el mismo. Es decir, la cookie es un archivo que contiene peque\u00f1as cantidades de informaci\u00f3n que se descargan a su terminal (ordenador o dispositivo m\u00f3vil) cuando visita un sitio y permite que un sitio web reconozca su dispositivo y a usted como usuario.<\/p>\n\n\n\n<p>En este sentido, este sitio web utiliza cookies y\/o tecnolog\u00edas similares que almacenan y recuperan informaci\u00f3n cuando usted navega. Con car\u00e1cter general, estas tecnolog\u00edas sirven para finalidades diversas, como, por ejemplo:<\/p>\n\n\n\n<ul class=\"wp-block-list\">\n<li>Reconocerle como usuario.<\/li>\n\n\n\n<li>Obtener informaci\u00f3n sobre sus h\u00e1bitos de navegaci\u00f3n.<\/li>\n\n\n\n<li>Analizar preferencias y otras funciones de personalizaci\u00f3n de la navegaci\u00f3n del usuario (personalizar la forma en la que se muestra el contenido).<\/li>\n<\/ul>\n\n\n\n<p>Los usos concretos que hacemos de estas tecnolog\u00edas se describen a continuaci\u00f3n. En Fiebre\u2122 no empleamos estas tecnolog\u00edas para elaborar perfiles de los usuarios que impliquen la toma de decisiones automatizadas con efectos jur\u00eddicos para los mismos o que les afecten significativamente de modo similar.<\/p>\n\n\n\n<h4 class=\"wp-block-heading\">2-\u00bfQu\u00e9 tipos de cookies utiliza el presente sitio web y con qu\u00e9 finalidad?<\/h4>\n\n\n\n<p>De conformidad con lo dispuesto en la Gu\u00eda sobre el uso de las cookies, publicada por la Agencia Espa\u00f1ola de Protecci\u00f3n de Datos de la Agencia Espa\u00f1ola de Protecci\u00f3n de Datos (AEPD), se puede realizar una triple clasificaci\u00f3n de las mismas (en funci\u00f3n de la entidad que las gestiona, del tiempo que permanecen activadas y de su finalidad), sin perjuicio de que una misma cookie pueda estar incluida en m\u00e1s de una categor\u00eda, dependiendo del criterio de ordenaci\u00f3n.<\/p>\n\n\n\n<p>Se ofrece a continuaci\u00f3n una clasificaci\u00f3n de cookies en funci\u00f3n de una serie de categor\u00edas.<\/p>\n\n\n\n<ul class=\"wp-block-list\">\n<li>Seg\u00fan la entidad que gestiona el equipo o dominio desde donde se env\u00edan y que trata los datos que se obtengan, podemos distinguir entre:\n<ul class=\"wp-block-list\">\n<li>Cookies propias: son las enviadas al terminal del usuario desde un equipo o dominio gestionado por el titular del sitio web y desde el cual se presta el servicio al usuario.<\/li>\n\n\n\n<li>Cookies de terceros: son las enviadas al terminal del usuario desde un equipo no gestionado por el titular del sitio web, sino por una tercera entidad que trata los datos obtenidos a trav\u00e9s de las mismas. Tambi\u00e9n ser\u00e1n as\u00ed consideradas las que son servidas desde un equipo o dominio del titular del sitio web, pero la informaci\u00f3n recogida es gestionada por un tercero para sus propias finalidades.<\/li>\n<\/ul>\n<\/li>\n\n\n\n<li>Seg\u00fan el tiempo que permanecen activadas:\n<ul class=\"wp-block-list\">\n<li>Cookies de sesi\u00f3n o temporales: recaban y almacenan informaci\u00f3n durante el acceso del usuario al sitio web y desaparecen o se eliminan una vez finalizado dicho acceso, ya que est\u00e1n destinadas a la prestaci\u00f3n del servicio solicitado en una \u00fanica ocasi\u00f3n (p. ej.: lista de productos adquiridos), por lo que no quedan instaladas en el terminal del usuario. Dado que su caducidad est\u00e1 relacionada con su finalidad, se pueden considerar exceptuadas de la necesidad de consentimiento.<\/li>\n\n\n\n<li>Cookies persistentes o permanentes: mantienen los datos almacenados en el terminal del usuario, pudiendo ser accedidos y tratados durante un periodo definido (fecha de expiraci\u00f3n) por el responsable de la cookie. Ayudan a los sitios web a recordar la informaci\u00f3n de los usuarios y sus ajustes para identificarlos cada vez que vuelvan a visitarla (por ejemplo, para no tener que iniciar sesi\u00f3n de nuevo, selecci\u00f3n de idioma, preferencias de men\u00fa\u2026).<\/li>\n<\/ul>\n<\/li>\n\n\n\n<li>Seg\u00fan su finalidad para la que se traten los datos obtenidos:\n<ul class=\"wp-block-list\">\n<li>Cookies t\u00e9cnicas: son las que, tratadas por nosotros o por terceros, permiten al usuario la navegaci\u00f3n por el sitio web, as\u00ed como el uso de las diferentes funcionalidades y servicios del mismo (por ejemplo: controlar el tr\u00e1fico, identificar la sesi\u00f3n, recordar los elementos que integran un pedido, gestionar pagos, utilizar elementos de seguridad durante la navegaci\u00f3n, habilitar la carga de textos o im\u00e1genes\u2026). Tambi\u00e9n forman parte de esta categor\u00eda las que permiten una gesti\u00f3n eficaz de aquellos espacios publicitarios incluidos como un elemento m\u00e1s del dise\u00f1o o maquetaci\u00f3n del sitio web pero que no recopilan informaci\u00f3n adicional (por ejemplo, para personalizar ese contenido publicitario u otros). Este tipo de cookies se encuentran exceptuadas de la obtenci\u00f3n de consentimiento, siempre que no se destinen a otras finalidades, por lo que no se pueden deshabilitar.<\/li>\n\n\n\n<li>Cookies anal\u00edticas o de medici\u00f3n (rendimiento): son aquellas que, tratadas por nosotros o por terceros, permiten cuantificar el n\u00famero de usuarios y realizar el seguimiento y an\u00e1lisis estad\u00edstico del comportamiento de los usuarios de los sitios web (es decir, saber lo que estos hacen en la web mientras navegan por ella). Se destinan a la elaboraci\u00f3n de los perfiles de navegaci\u00f3n de los usuarios y\/o a la medici\u00f3n de la actividad de los sitios web, con el fin de introducir mejoras en los productos o servicios ofertados y detectar errores.<\/li>\n\n\n\n<li>Cookies de preferencias o personalizaci\u00f3n: son aquellas que, tratadas por nosotros o por terceros, permiten recordar informaci\u00f3n para que el usuario acceda al servicio con algunas caracter\u00edsticas de car\u00e1cter general predefinidas, para diferenciar su experiencia de las de otros usuarios (p. ej.: idioma, aspecto del servicio en funci\u00f3n del tipo de navegador\u2026). Si es el propio usuario quien elige tales caracter\u00edsticas, estas cookies tambi\u00e9n est\u00e1n exceptuadas de la obtenci\u00f3n del correspondiente consentimiento, siempre que no se destinen a otras finalidades.<\/li>\n\n\n\n<li>Cookies de publicidad comportamental: son las que, tratadas por nosotros o por terceros, almacenan informaci\u00f3n acerca de los h\u00e1bitos de navegaci\u00f3n de los usuarios, con el objetivo de desarrollar una publicidad espec\u00edfica basada en sus intereses.<\/li>\n<\/ul>\n<\/li>\n<\/ul>\n\n\n\n<p>Con relaci\u00f3n al uso concreto de cookies por el presente sitio web,  le informamos de que utilizamos cookies propias o de terceros para algunas de las cuales no es necesario o est\u00e1n exentas de obtener el consentimiento de los usuarios (en concreto, aquellas que permiten el funcionamiento y la prestaci\u00f3n de los servicios ofrecidos en el mismo), por encontrarse excluidas del cumplimiento de las obligaciones se\u00f1aladas en el art\u00edculo 22.2 de la LSSI. Asimismo, el presente sitio web tambi\u00e9n podr\u00e1 utilizar cookies que s\u00ed requerir\u00e1n la informaci\u00f3n y el consentimiento de los usuarios.<\/p>\n\n\n\n<p>Debe tenerse en cuenta igualmente que una misma cookie puede tener m\u00e1s de una finalidad (cookies polivalentes), por lo que existe la posibilidad de que una cookie quede exceptuada de la necesidad de obtenci\u00f3n del consentimiento para una o varias de sus finalidades, pero no para otras. Es decir, puede que, para una misma cookie, se le solicite consentimiento para una o varias finalidades, pero no para las restantes \u2014sin perjuicio de que, para conocimiento de los usuarios, se informe de todas las cookies empleadas en este sitio web y de todas sus finalidades, independientemente de que sea o no necesario su consentimiento\u2014. En caso de que alguna de las cookies polivalentes se destine a varias finalidades cuyo consentimiento deba ser requerido para todas ellas, se procurar\u00e1 su utilizaci\u00f3n cuando las finalidades sean aceptadas en su totalidad, salvo que nuestro sistema de gesti\u00f3n nos permita ofrecer un tratamiento diferenciado para cada una de ellas, en cuyo caso operar\u00e1n \u00fanicamente para las finalidades aceptadas.<\/p>\n\n\n\n<h4 class=\"wp-block-heading\">3-\u00bfPuede revocar su consentimiento y eliminar las cookies?<\/h4>\n\n\n\n<p>Le informamos de que tiene a su disposici\u00f3n diversas formas de revocar el consentimiento prestado para el uso de las cookies (exceptuando aquellas de las que no se requiera su obtenci\u00f3n, conforme a lo dispuesto en la legislaci\u00f3n vigente):<\/p>\n\n\n\n<ul class=\"wp-block-list\">\n<li>Puede configurar su navegador para permitir, bloquear, eliminar o desactivar las cookies instaladas en su equipo o terminal, mediante la configuraci\u00f3n de las opciones del navegador que emplee. En caso de que no permita la instalaci\u00f3n de cookies en su navegador, es posible que no pueda acceder a alguno de los apartados o funcionalidades del presente sitio web. Para configurar el navegador y desactivar o administrar la instalaci\u00f3n de cookies (incluso si ha aceptado cookies de terceros para la navegaci\u00f3n por el presente sitio web y, posteriormente, desea eliminarlas), puede obtener m\u00e1s informaci\u00f3n haciendo clic en los enlaces que le proporcionamos a continuaci\u00f3n, en funci\u00f3n del navegador que utilice:\n<ul class=\"wp-block-list\">\n<li><a href=\"http:\/\/support.google.com\/chrome\/bin\/answer.py?hl=es&amp;answer=95647\" target=\"_blank\" rel=\"noreferrer noopener\">Google Chrome<\/a><\/li>\n\n\n\n<li><a href=\"http:\/\/support.mozilla.org\/es\/kb\/cookies-informacion-que-los-sitios-web-guardan-en-?redirectlocale=en-US&amp;redirectslug=Cookies\" target=\"_blank\" rel=\"noreferrer noopener\">Mozilla Firefox<\/a><\/li>\n\n\n\n<li><a href=\"https:\/\/support.microsoft.com\/es-es\/help\/17442\/windows-internet-explorer-delete-manage-cookies\" target=\"_blank\" rel=\"noreferrer noopener\">Internet Explorer<\/a><\/li>\n\n\n\n<li><a href=\"http:\/\/www.opera.com\/help\/tutorials\/security\/privacy\/\" target=\"_blank\" rel=\"noreferrer noopener\">Opera<\/a><\/li>\n\n\n\n<li><a href=\"http:\/\/support.apple.com\/kb\/PH5042\" target=\"_blank\" rel=\"noreferrer noopener\">Safari web<\/a><\/li>\n\n\n\n<li><a href=\"http:\/\/support.apple.com\/kb\/HT1677\" target=\"_blank\" rel=\"noreferrer noopener\">Safari IOS<\/a><\/li>\n<\/ul>\n<\/li>\n\n\n\n<li>Tambi\u00e9n podr\u00e1, si lo desea, consultar las pol\u00edticas de privacidad de terceros mediante los enlaces de la tabla de cookies del apartado anterior para configurar sus preferencias (aceptaci\u00f3n, eliminaci\u00f3n, etc.) con relaci\u00f3n a las cookies correspondientes, en funci\u00f3n de qui\u00e9n las trate.<\/li>\n<\/ul>\n\n\n\n<h4 class=\"wp-block-heading\">4-\u00bfSe realizan transferencias a terceros pa\u00edses?<\/h4>\n\n\n\n<p>No realizamos transferencias a terceros pa\u00edses, pero los terceros identificados en esta Pol\u00edtica de Cookies podr\u00edan hacerlo. Usted puede informarse de las transferencias a terceros pa\u00edses que, en su caso, realizan dichos terceros en sus correspondientes pol\u00edticas (para ello, tiene a su disposici\u00f3n los enlaces facilitados en la tabla de cookies empleadas por este sitio web).<\/p>\n\n\n\n<h4 class=\"wp-block-heading\">5-\u00bfDurante cu\u00e1nto tiempo conservaremos sus datos?<\/h4>\n\n\n\n<p>Sus datos de car\u00e1cter personal podr\u00e1n ser conservados mientras resulten de utilidad para los fines que motivaron su obtenci\u00f3n (se\u00f1alados en esta Pol\u00edtica de Cookies, en funci\u00f3n de la finalidad de las cookies empleadas) y, en todo caso, siempre que usted no haya solicitado su eliminaci\u00f3n. No mantendremos sus datos m\u00e1s tiempo del necesario, respetando siempre lo dispuesto en la normativa vigente en materia de protecci\u00f3n de datos de car\u00e1cter personal.<\/p>\n\n\n\n<p>En todo caso, la validez del consentimiento otorgado para el uso de las cookies tendr\u00e1 una duraci\u00f3n m\u00e1xima de 24 meses \u2014a no ser que usted revoque su consentimiento de forma previa a la finalizaci\u00f3n de dicho periodo\u2014 y, durante el tiempo que se conserve la selecci\u00f3n realizada, no se le solicitar\u00e1 un nuevo consentimiento cada vez que visite el presente sitio web.<\/p>\n\n\n\n<h4 class=\"wp-block-heading\">6-\u00bfExisten otras cuestiones que, como usuario, deba conocer?<\/h4>\n\n\n\n<p>Nos reservamos el derecho de actualizar la presente Pol\u00edtica de Cookies, para dar cumplimiento a exigencias legales o t\u00e9cnicas. Por este motivo, le recomendamos que revise esta Pol\u00edtica peri\u00f3dicamente, con el objetivo de estar adecuadamente informado acerca de las cookies que emplea el presente sitio web y de sus finalidades.<\/p>\n\n\n\n<p><\/p>\n","protected":false},"excerpt":{"rendered":"<p>Qui\u00e9nes somos La direcci\u00f3n de nuestra web es: https:\/\/leonrutadelvino.com. Comentarios Cuando los visitantes dejan comentarios en la web, recopilamos los datos que se muestran en el formulario de comentarios, as\u00ed como la direcci\u00f3n IP del visitante y la cadena de agente de usuario del navegador para ayudar a la detecci\u00f3n de spam. Se puede proporcionar [&hellip;]<\/p>\n","protected":false},"author":1,"featured_media":0,"parent":0,"menu_order":0,"comment_status":"closed","ping_status":"open","template":"","meta":{"footnotes":""},"class_list":["post-3","page","type-page","status-publish","hentry"],"_links":{"self":[{"href":"https:\/\/leonrutadelvino.com\/index.php?rest_route=\/wp\/v2\/pages\/3","targetHints":{"allow":["GET"]}}],"collection":[{"href":"https:\/\/leonrutadelvino.com\/index.php?rest_route=\/wp\/v2\/pages"}],"about":[{"href":"https:\/\/leonrutadelvino.com\/index.php?rest_route=\/wp\/v2\/types\/page"}],"author":[{"embeddable":true,"href":"https:\/\/leonrutadelvino.com\/index.php?rest_route=\/wp\/v2\/users\/1"}],"replies":[{"embeddable":true,"href":"https:\/\/leonrutadelvino.com\/index.php?rest_route=%2Fwp%2Fv2%2Fcomments&post=3"}],"version-history":[{"count":5,"href":"https:\/\/leonrutadelvino.com\/index.php?rest_route=\/wp\/v2\/pages\/3\/revisions"}],"predecessor-version":[{"id":121,"href":"https:\/\/leonrutadelvino.com\/index.php?rest_route=\/wp\/v2\/pages\/3\/revisions\/121"}],"wp:attachment":[{"href":"https:\/\/leonrutadelvino.com\/index.php?rest_route=%2Fwp%2Fv2%2Fmedia&parent=3"}],"curies":[{"name":"wp","href":"https:\/\/api.w.org\/{rel}","templated":true}]}}